{"id":347,"date":"2015-03-09T16:02:57","date_gmt":"2015-03-09T15:02:57","guid":{"rendered":"https:\/\/www.bechemilh-lauby.fr\/?page_id=347"},"modified":"2015-04-01T13:19:56","modified_gmt":"2015-04-01T12:19:56","slug":"degustez","status":"publish","type":"page","link":"https:\/\/www.bechemilh-lauby.fr\/en\/degustez\/","title":{"rendered":"Oyster advice and recipes."},"content":{"rendered":"<h2>Opening oysters<\/h2>\n<p>1. Position your thumb 1 cm from the end of the blade<br \/>\n2. Push your knife into the muscle<br \/>\n3. Cut through the muscle<br \/>\n4. Lift and remove the upper shell<\/p>\n<p>Watch <a title=\"Ouvrir des hu\u00eetres VIDEO\" href=\"https:\/\/youtu.be\/BAA8BhUCw1s?t=8s\" target=\"_blank\">the oyster opening video<\/a><\/p>\n<p><img loading=\"lazy\" decoding=\"async\" class=\"  wp-image-291 aligncenter\" src=\"https:\/\/www.bechemilh-lauby.fr\/wp-content\/uploads\/2015\/03\/ouverture-huitre.jpg\" alt=\"ouverture-huitre\" width=\"811\" height=\"182\" srcset=\"https:\/\/www.bechemilh-lauby.fr\/wp-content\/uploads\/2015\/03\/ouverture-huitre.jpg 900w, https:\/\/www.bechemilh-lauby.fr\/wp-content\/uploads\/2015\/03\/ouverture-huitre-300x67.jpg 300w\" sizes=\"auto, (max-width: 811px) 100vw, 811px\" \/><\/p>\n<h2>Some delicious oyster recipes<\/h2>\n<p>All these recipes come from\u00a0<a title=\"Le site des huitres Marenne Ol\u00e9ron\" href=\"http:\/\/www.huitresmarennesoleron.info\/recettes.html\" target=\"_blank\">www.huitresmarennesoleron.info<\/a> (French)<br \/>\nClick here to view more recipes at\u00a0<a title=\"Recettes de cuisine avec des huitres\" href=\"http:\/\/www.huitre.com\/conseils-et-recettes\/quelques-recettes\" target=\"_blank\">huitres.com<\/a> (French)<\/p>\n<div style=\"width: 280px; float: left;\">\n<p><img loading=\"lazy\" decoding=\"async\" class=\"alignnone wp-image-141\" src=\"https:\/\/www.bechemilh-lauby.fr\/wp-content\/uploads\/2015\/03\/huitre-crepinette.jpg\" alt=\"huitre crepinette\" width=\"220\" height=\"229\" srcset=\"https:\/\/www.bechemilh-lauby.fr\/wp-content\/uploads\/2015\/03\/huitre-crepinette.jpg 350w, https:\/\/www.bechemilh-lauby.fr\/wp-content\/uploads\/2015\/03\/huitre-crepinette-288x300.jpg 288w\" sizes=\"auto, (max-width: 220px) 100vw, 220px\" \/><\/p>\n<h3>Hu\u00eetre Marennes Ol\u00e9ron with cr\u00e9pinette sausage<\/h3>\n<p><strong>Serves 2<\/strong><\/p>\n<p><em>\u2192 1 cr\u00e9pinette per person or 2 chipolata sausages<br \/>\n\u2192 10-12 Marennes Ol\u00e9ron oysters<br \/>\nAs a starter: size 4<br \/>\nAs a main course: size 3 or 2<\/em><\/p>\n<p>At Christmas in the south-west of France, the local sausage known as cr\u00e9pinette is considered the finest accompaniment to oysters. If you can\u2019t get hold of this delicacy, you can use your preferred chipolata sausages.<\/p>\n<p>Fry or grill the sausage and dry on kitchen paper.<\/p>\n<p>Serve the cr\u00e9pinette on a separate plate to accompany your dish of oysters. Chipolatas can be served the same way or finely chopped and sprinkled on each oyster just before eating. Our recommendation of oyster: The Pousse en Claire Label Rouge Marennes Ol\u00e9ron oyster brings a wonderfully fleshy texture to this original marriage of flavours. Using the Fine de Claire Verte Marennes Ol\u00e9ron oyster creates a more contrasted association of flavours between land and sea.<\/p>\n<\/div>\n<div style=\"width: 250px; float: left; margin-left: 30px;\">\n<p><img loading=\"lazy\" decoding=\"async\" class=\"alignnone wp-image-285 \" src=\"https:\/\/www.bechemilh-lauby.fr\/wp-content\/uploads\/2015\/03\/poivron-huitre.jpg\" alt=\"\" width=\"220\" height=\"230\" srcset=\"https:\/\/www.bechemilh-lauby.fr\/wp-content\/uploads\/2015\/03\/poivron-huitre.jpg 350w, https:\/\/www.bechemilh-lauby.fr\/wp-content\/uploads\/2015\/03\/poivron-huitre-288x300.jpg 288w\" sizes=\"auto, (max-width: 220px) 100vw, 220px\" \/><\/p>\n<h3>Roasted red peppers and bacon<\/h3>\n<p><strong>Serves 2<\/strong><\/p>\n<p><em>\u2192\u00a02 red peppers<br \/>\n\u2192\u00a03 rashers of smoked streaky bacon<br \/>\n\u2192 10-12 Marennes Ol\u00e9ron oysters<br \/>\nAs a starter: size 4<br \/>\nAs a main course: size 3 or 2<\/em><\/p>\n<p>Wash and de-seed the peppers, slice thinly, and roast gently in a little olive oil.<\/p>\n<p>Fry the streaky bacon in a frying pan over a low heat.<\/p>\n<p>Just before serving, remove the bacon and leave to rest on kitchen paper.<\/p>\n<p>Cut each rasher into small squares. Take your Marennes Ol\u00e9ron oysters, cutting through just the small muscle and leaving them in their shells. Drain the water from the Marennes Ol\u00e9ron oysters before serving, and add the warm roasted peppers and squares of bacon.<\/p>\n<p><em>Recipe: A.CIRELLI \u2013 Y. LECLERC L\u2019\u00e9v\u00e9nement Culinaire<\/em><\/p>\n<\/div>\n<div style=\"width: 250px; float: left; margin-left: 30px;\">\n<p><img loading=\"lazy\" decoding=\"async\" class=\"alignnone wp-image-148 \" src=\"https:\/\/www.bechemilh-lauby.fr\/wp-content\/uploads\/2015\/03\/huitre-parmesan.jpg\" alt=\"Photo - recette : Philippe Asset\" width=\"220\" height=\"229\" srcset=\"https:\/\/www.bechemilh-lauby.fr\/wp-content\/uploads\/2015\/03\/huitre-parmesan.jpg 335w, https:\/\/www.bechemilh-lauby.fr\/wp-content\/uploads\/2015\/03\/huitre-parmesan-288x300.jpg 288w\" sizes=\"auto, (max-width: 220px) 100vw, 220px\" \/><\/p>\n<h3>Parmesan gratin oysters on a bed of rocket<\/h3>\n<p><strong>Serves 2<\/strong><\/p>\n<p>\u2192 12 cupped oysters (size 2)<br \/>\n\u2192 30 g rocket<br \/>\n\u2192 3 thin slices of cured ham<br \/>\n\u2192 100 ml cr\u00e8me fra\u00eeche<br \/>\n\u2192 20 g grated Parmesan<br \/>\n\u2192 6 sundried tomatoes<br \/>\n\u2192 1 teaspoon balsamic vinegar<br \/>\n\u2192 Freshly ground pepper<\/p>\n<p>Pre-heat the oven to 200\u00b0C. Meanwhile, open the oysters. Cut through the muscle to remove them and discard the water.<\/p>\n<p>Finely slice the sundried tomatoes and ham. Combine the rocket and balsamic vinegar in a bowl.<\/p>\n<p>Embed the empty shells in coarse sea salt on a gratin plate. Spoon a little cr\u00e8me fra\u00eeche into each shell. Cover the cr\u00e8me fra\u00eeche with a few rocket leaves, the sun-dried tomatoes, the shelled oyster and the thinly sliced ribbons of ham.<\/p>\n<p>Add freshly ground pepper, sprinkle with Parmesan and bake for 12 to 15 minutes in the middle of the oven. Serve immediately.<\/p>\n<p><em>Photo and recipe: Philippe Asset<\/em><\/p>\n<\/div>\n","protected":false},"excerpt":{"rendered":"<p>Opening oysters 1. Position your thumb 1 cm from the end of the blade 2. Push your knife into the muscle 3. Cut through the muscle 4. Lift and remove the upper shell Watch the oyster opening video Some delicious &#8230;<a class=\"read-more\" href=\"https:\/\/www.bechemilh-lauby.fr\/en\/news\/\">More&#8230;<\/a><\/p>\n","protected":false},"author":4,"featured_media":0,"parent":0,"menu_order":0,"comment_status":"open","ping_status":"open","template":"","meta":{"footnotes":""},"class_list":["post-347","page","type-page","status-publish","hentry"],"yoast_head":"<!-- This site is optimized with the Yoast SEO plugin v27.5 - https:\/\/yoast.com\/product\/yoast-seo-wordpress\/ -->\n<title>Oyster advice and recipes. - Hu\u00eetres Bechemilh-Lauby<\/title>\n<meta name=\"robots\" content=\"index, follow, max-snippet:-1, max-image-preview:large, max-video-preview:-1\" \/>\n<link rel=\"canonical\" href=\"https:\/\/www.bechemilh-lauby.fr\/en\/degustez\/\" \/>\n<meta property=\"og:locale\" content=\"en_US\" \/>\n<meta property=\"og:type\" content=\"article\" \/>\n<meta property=\"og:title\" content=\"Oyster advice and recipes. - Hu\u00eetres Bechemilh-Lauby\" \/>\n<meta property=\"og:description\" content=\"Opening oysters 1. Position your thumb 1 cm from the end of the blade 2. Push your knife into the muscle 3. Cut through the muscle 4. Lift and remove the upper shell Watch the oyster opening video Some delicious ...More...\" \/>\n<meta property=\"og:url\" content=\"https:\/\/www.bechemilh-lauby.fr\/en\/degustez\/\" \/>\n<meta property=\"og:site_name\" content=\"Hu\u00eetres Bechemilh-Lauby\" \/>\n<meta property=\"article:modified_time\" content=\"2015-04-01T12:19:56+00:00\" \/>\n<meta property=\"og:image\" content=\"https:\/\/www.bechemilh-lauby.fr\/wp-content\/uploads\/2015\/03\/ouverture-huitre.jpg\" \/>\n<meta name=\"twitter:card\" content=\"summary_large_image\" \/>\n<meta name=\"twitter:label1\" content=\"Est. reading time\" \/>\n\t<meta name=\"twitter:data1\" content=\"2 minutes\" \/>\n<script type=\"application\/ld+json\" class=\"yoast-schema-graph\">{\"@context\":\"https:\\\/\\\/schema.org\",\"@graph\":[{\"@type\":\"WebPage\",\"@id\":\"https:\\\/\\\/www.bechemilh-lauby.fr\\\/en\\\/degustez\\\/\",\"url\":\"https:\\\/\\\/www.bechemilh-lauby.fr\\\/en\\\/degustez\\\/\",\"name\":\"Oyster advice and recipes. - Hu\u00eetres Bechemilh-Lauby\",\"isPartOf\":{\"@id\":\"https:\\\/\\\/www.bechemilh-lauby.fr\\\/en\\\/#website\"},\"primaryImageOfPage\":{\"@id\":\"https:\\\/\\\/www.bechemilh-lauby.fr\\\/en\\\/degustez\\\/#primaryimage\"},\"image\":{\"@id\":\"https:\\\/\\\/www.bechemilh-lauby.fr\\\/en\\\/degustez\\\/#primaryimage\"},\"thumbnailUrl\":\"https:\\\/\\\/www.bechemilh-lauby.fr\\\/wp-content\\\/uploads\\\/2015\\\/03\\\/ouverture-huitre.jpg\",\"datePublished\":\"2015-03-09T15:02:57+00:00\",\"dateModified\":\"2015-04-01T12:19:56+00:00\",\"breadcrumb\":{\"@id\":\"https:\\\/\\\/www.bechemilh-lauby.fr\\\/en\\\/degustez\\\/#breadcrumb\"},\"inLanguage\":\"en-US\",\"potentialAction\":[{\"@type\":\"ReadAction\",\"target\":[\"https:\\\/\\\/www.bechemilh-lauby.fr\\\/en\\\/degustez\\\/\"]}]},{\"@type\":\"ImageObject\",\"inLanguage\":\"en-US\",\"@id\":\"https:\\\/\\\/www.bechemilh-lauby.fr\\\/en\\\/degustez\\\/#primaryimage\",\"url\":\"https:\\\/\\\/www.bechemilh-lauby.fr\\\/wp-content\\\/uploads\\\/2015\\\/03\\\/ouverture-huitre.jpg\",\"contentUrl\":\"https:\\\/\\\/www.bechemilh-lauby.fr\\\/wp-content\\\/uploads\\\/2015\\\/03\\\/ouverture-huitre.jpg\"},{\"@type\":\"BreadcrumbList\",\"@id\":\"https:\\\/\\\/www.bechemilh-lauby.fr\\\/en\\\/degustez\\\/#breadcrumb\",\"itemListElement\":[{\"@type\":\"ListItem\",\"position\":1,\"name\":\"Accueil\",\"item\":\"https:\\\/\\\/www.bechemilh-lauby.fr\\\/en\\\/\"},{\"@type\":\"ListItem\",\"position\":2,\"name\":\"Oyster advice and recipes.\"}]},{\"@type\":\"WebSite\",\"@id\":\"https:\\\/\\\/www.bechemilh-lauby.fr\\\/en\\\/#website\",\"url\":\"https:\\\/\\\/www.bechemilh-lauby.fr\\\/en\\\/\",\"name\":\"Hu\u00eetres Bechemilh-Lauby\",\"description\":\"oyster aquaculturist in Marennes Ol\u00e9ron and Brittany\",\"potentialAction\":[{\"@type\":\"SearchAction\",\"target\":{\"@type\":\"EntryPoint\",\"urlTemplate\":\"https:\\\/\\\/www.bechemilh-lauby.fr\\\/en\\\/?s={search_term_string}\"},\"query-input\":{\"@type\":\"PropertyValueSpecification\",\"valueRequired\":true,\"valueName\":\"search_term_string\"}}],\"inLanguage\":\"en-US\"}]}<\/script>\n<!-- \/ Yoast SEO plugin. -->","yoast_head_json":{"title":"Oyster advice and recipes. - Hu\u00eetres Bechemilh-Lauby","robots":{"index":"index","follow":"follow","max-snippet":"max-snippet:-1","max-image-preview":"max-image-preview:large","max-video-preview":"max-video-preview:-1"},"canonical":"https:\/\/www.bechemilh-lauby.fr\/en\/degustez\/","og_locale":"en_US","og_type":"article","og_title":"Oyster advice and recipes. - Hu\u00eetres Bechemilh-Lauby","og_description":"Opening oysters 1. Position your thumb 1 cm from the end of the blade 2. Push your knife into the muscle 3. Cut through the muscle 4. Lift and remove the upper shell Watch the oyster opening video Some delicious ...More...","og_url":"https:\/\/www.bechemilh-lauby.fr\/en\/degustez\/","og_site_name":"Hu\u00eetres Bechemilh-Lauby","article_modified_time":"2015-04-01T12:19:56+00:00","og_image":[{"url":"https:\/\/www.bechemilh-lauby.fr\/wp-content\/uploads\/2015\/03\/ouverture-huitre.jpg","type":"","width":"","height":""}],"twitter_card":"summary_large_image","twitter_misc":{"Est. reading time":"2 minutes"},"schema":{"@context":"https:\/\/schema.org","@graph":[{"@type":"WebPage","@id":"https:\/\/www.bechemilh-lauby.fr\/en\/degustez\/","url":"https:\/\/www.bechemilh-lauby.fr\/en\/degustez\/","name":"Oyster advice and recipes. - Hu\u00eetres Bechemilh-Lauby","isPartOf":{"@id":"https:\/\/www.bechemilh-lauby.fr\/en\/#website"},"primaryImageOfPage":{"@id":"https:\/\/www.bechemilh-lauby.fr\/en\/degustez\/#primaryimage"},"image":{"@id":"https:\/\/www.bechemilh-lauby.fr\/en\/degustez\/#primaryimage"},"thumbnailUrl":"https:\/\/www.bechemilh-lauby.fr\/wp-content\/uploads\/2015\/03\/ouverture-huitre.jpg","datePublished":"2015-03-09T15:02:57+00:00","dateModified":"2015-04-01T12:19:56+00:00","breadcrumb":{"@id":"https:\/\/www.bechemilh-lauby.fr\/en\/degustez\/#breadcrumb"},"inLanguage":"en-US","potentialAction":[{"@type":"ReadAction","target":["https:\/\/www.bechemilh-lauby.fr\/en\/degustez\/"]}]},{"@type":"ImageObject","inLanguage":"en-US","@id":"https:\/\/www.bechemilh-lauby.fr\/en\/degustez\/#primaryimage","url":"https:\/\/www.bechemilh-lauby.fr\/wp-content\/uploads\/2015\/03\/ouverture-huitre.jpg","contentUrl":"https:\/\/www.bechemilh-lauby.fr\/wp-content\/uploads\/2015\/03\/ouverture-huitre.jpg"},{"@type":"BreadcrumbList","@id":"https:\/\/www.bechemilh-lauby.fr\/en\/degustez\/#breadcrumb","itemListElement":[{"@type":"ListItem","position":1,"name":"Accueil","item":"https:\/\/www.bechemilh-lauby.fr\/en\/"},{"@type":"ListItem","position":2,"name":"Oyster advice and recipes."}]},{"@type":"WebSite","@id":"https:\/\/www.bechemilh-lauby.fr\/en\/#website","url":"https:\/\/www.bechemilh-lauby.fr\/en\/","name":"Hu\u00eetres Bechemilh-Lauby","description":"oyster aquaculturist in Marennes Ol\u00e9ron and Brittany","potentialAction":[{"@type":"SearchAction","target":{"@type":"EntryPoint","urlTemplate":"https:\/\/www.bechemilh-lauby.fr\/en\/?s={search_term_string}"},"query-input":{"@type":"PropertyValueSpecification","valueRequired":true,"valueName":"search_term_string"}}],"inLanguage":"en-US"}]}},"_links":{"self":[{"href":"https:\/\/www.bechemilh-lauby.fr\/en\/wp-json\/wp\/v2\/pages\/347","targetHints":{"allow":["GET"]}}],"collection":[{"href":"https:\/\/www.bechemilh-lauby.fr\/en\/wp-json\/wp\/v2\/pages"}],"about":[{"href":"https:\/\/www.bechemilh-lauby.fr\/en\/wp-json\/wp\/v2\/types\/page"}],"author":[{"embeddable":true,"href":"https:\/\/www.bechemilh-lauby.fr\/en\/wp-json\/wp\/v2\/users\/4"}],"replies":[{"embeddable":true,"href":"https:\/\/www.bechemilh-lauby.fr\/en\/wp-json\/wp\/v2\/comments?post=347"}],"version-history":[{"count":3,"href":"https:\/\/www.bechemilh-lauby.fr\/en\/wp-json\/wp\/v2\/pages\/347\/revisions"}],"predecessor-version":[{"id":379,"href":"https:\/\/www.bechemilh-lauby.fr\/en\/wp-json\/wp\/v2\/pages\/347\/revisions\/379"}],"wp:attachment":[{"href":"https:\/\/www.bechemilh-lauby.fr\/en\/wp-json\/wp\/v2\/media?parent=347"}],"curies":[{"name":"wp","href":"https:\/\/api.w.org\/{rel}","templated":true}]}}