{"id":342,"date":"2015-03-09T15:53:41","date_gmt":"2015-03-09T14:53:41","guid":{"rendered":"https:\/\/www.bechemilh-lauby.fr\/?page_id=342"},"modified":"2015-04-01T16:02:05","modified_gmt":"2015-04-01T15:02:05","slug":"les-classiques","status":"publish","type":"page","link":"https:\/\/www.bechemilh-lauby.fr\/en\/les-classiques\/","title":{"rendered":"Les Fines de Claires and Sp\u00e9ciales de Claires Marennes Ol\u00e9ron."},"content":{"rendered":"<p>Bechemilh-Lauby IGP (Protected Geographical Indication) oysters meet all the conditions required for Marennes Ol\u00e9ron accredited branding, and deliver all the characteristic qualities of premium quality produce.<\/p>\n<div style=\"width: 450px; float: left;\"><img loading=\"lazy\" decoding=\"async\" class=\" wp-image-242  aligncenter\" src=\"https:\/\/www.bechemilh-lauby.fr\/wp-content\/uploads\/2015\/03\/fine-de_claire1.jpg\" alt=\"\" width=\"375\" height=\"161\" srcset=\"https:\/\/www.bechemilh-lauby.fr\/wp-content\/uploads\/2015\/03\/fine-de_claire1.jpg 408w, https:\/\/www.bechemilh-lauby.fr\/wp-content\/uploads\/2015\/03\/fine-de_claire1-300x129.jpg 300w\" sizes=\"auto, (max-width: 375px) 100vw, 375px\" \/><br \/>\n<img loading=\"lazy\" decoding=\"async\" class=\" wp-image-243 size-full aligncenter\" src=\"https:\/\/www.bechemilh-lauby.fr\/wp-content\/uploads\/2015\/03\/speciale-de_claire1.jpg\" alt=\"\" width=\"408\" height=\"175\" srcset=\"https:\/\/www.bechemilh-lauby.fr\/wp-content\/uploads\/2015\/03\/speciale-de_claire1.jpg 408w, https:\/\/www.bechemilh-lauby.fr\/wp-content\/uploads\/2015\/03\/speciale-de_claire1-300x129.jpg 300w\" sizes=\"auto, (max-width: 408px) 100vw, 408px\" \/><\/div>\n<div style=\"width: 450px; float: left;\">\n<h2>La Fine de Claire<\/h2>\n<p>This variety is perfect for those who prefer a less fleshy oyster. These oysters are finished for several weeks in claires (shallow ponds in former saltmarshes) to give them a flavour specific to the locality and a quality of shell superior to that of oysters grown in the open sea.<\/p>\n<p>&nbsp;<\/p>\n<h2>La Sp\u00e9ciale de Claire<\/h2>\n<p>These oysters are selected on the basis of criteria such as shell roundness and depth before finishing in claires. It is the firm texture and density of its flesh, and the exceptional fullness of flavour and smell that make these oysters &#8216;special&#8217;.<\/p>\n<\/div>\n","protected":false},"excerpt":{"rendered":"<p>Bechemilh-Lauby IGP (Protected Geographical Indication) oysters meet all the conditions required for Marennes Ol\u00e9ron accredited branding, and deliver all the characteristic qualities of premium quality produce. La Fine de Claire This variety is perfect for those who prefer a less &#8230;<a class=\"read-more\" href=\"https:\/\/www.bechemilh-lauby.fr\/en\/news\/\">More&#8230;<\/a><\/p>\n","protected":false},"author":4,"featured_media":0,"parent":0,"menu_order":0,"comment_status":"open","ping_status":"open","template":"page_produit.php","meta":{"footnotes":""},"class_list":["post-342","page","type-page","status-publish","hentry"],"yoast_head":"<!-- This site is optimized with the Yoast SEO plugin v27.3 - https:\/\/yoast.com\/product\/yoast-seo-wordpress\/ -->\n<title>Les Fines de Claires and Sp\u00e9ciales de Claires Marennes Ol\u00e9ron. - Hu\u00eetres Bechemilh-Lauby<\/title>\n<meta name=\"robots\" content=\"index, follow, max-snippet:-1, max-image-preview:large, max-video-preview:-1\" \/>\n<link rel=\"canonical\" href=\"https:\/\/www.bechemilh-lauby.fr\/en\/les-classiques\/\" \/>\n<meta property=\"og:locale\" content=\"en_US\" \/>\n<meta property=\"og:type\" content=\"article\" \/>\n<meta property=\"og:title\" content=\"Les Fines de Claires and Sp\u00e9ciales de Claires Marennes Ol\u00e9ron. - Hu\u00eetres Bechemilh-Lauby\" \/>\n<meta property=\"og:description\" content=\"Bechemilh-Lauby IGP (Protected Geographical Indication) oysters meet all the conditions required for Marennes Ol\u00e9ron accredited branding, and deliver all the characteristic qualities of premium quality produce. La Fine de Claire This variety is perfect for those who prefer a less ...More...\" \/>\n<meta property=\"og:url\" content=\"https:\/\/www.bechemilh-lauby.fr\/en\/les-classiques\/\" \/>\n<meta property=\"og:site_name\" content=\"Hu\u00eetres Bechemilh-Lauby\" \/>\n<meta property=\"article:modified_time\" content=\"2015-04-01T15:02:05+00:00\" \/>\n<meta property=\"og:image\" content=\"https:\/\/www.bechemilh-lauby.fr\/wp-content\/uploads\/2015\/03\/fine-de_claire1.jpg\" \/>\n<meta name=\"twitter:card\" content=\"summary_large_image\" \/>\n<meta name=\"twitter:label1\" content=\"Est. reading time\" \/>\n\t<meta name=\"twitter:data1\" content=\"1 minute\" \/>\n<script type=\"application\/ld+json\" class=\"yoast-schema-graph\">{\"@context\":\"https:\\\/\\\/schema.org\",\"@graph\":[{\"@type\":\"WebPage\",\"@id\":\"https:\\\/\\\/www.bechemilh-lauby.fr\\\/en\\\/les-classiques\\\/\",\"url\":\"https:\\\/\\\/www.bechemilh-lauby.fr\\\/en\\\/les-classiques\\\/\",\"name\":\"Les Fines de Claires and Sp\u00e9ciales de Claires Marennes Ol\u00e9ron. - Hu\u00eetres Bechemilh-Lauby\",\"isPartOf\":{\"@id\":\"https:\\\/\\\/www.bechemilh-lauby.fr\\\/en\\\/#website\"},\"primaryImageOfPage\":{\"@id\":\"https:\\\/\\\/www.bechemilh-lauby.fr\\\/en\\\/les-classiques\\\/#primaryimage\"},\"image\":{\"@id\":\"https:\\\/\\\/www.bechemilh-lauby.fr\\\/en\\\/les-classiques\\\/#primaryimage\"},\"thumbnailUrl\":\"https:\\\/\\\/www.bechemilh-lauby.fr\\\/wp-content\\\/uploads\\\/2015\\\/03\\\/fine-de_claire1.jpg\",\"datePublished\":\"2015-03-09T14:53:41+00:00\",\"dateModified\":\"2015-04-01T15:02:05+00:00\",\"breadcrumb\":{\"@id\":\"https:\\\/\\\/www.bechemilh-lauby.fr\\\/en\\\/les-classiques\\\/#breadcrumb\"},\"inLanguage\":\"en-US\",\"potentialAction\":[{\"@type\":\"ReadAction\",\"target\":[\"https:\\\/\\\/www.bechemilh-lauby.fr\\\/en\\\/les-classiques\\\/\"]}]},{\"@type\":\"ImageObject\",\"inLanguage\":\"en-US\",\"@id\":\"https:\\\/\\\/www.bechemilh-lauby.fr\\\/en\\\/les-classiques\\\/#primaryimage\",\"url\":\"https:\\\/\\\/www.bechemilh-lauby.fr\\\/wp-content\\\/uploads\\\/2015\\\/03\\\/fine-de_claire1.jpg\",\"contentUrl\":\"https:\\\/\\\/www.bechemilh-lauby.fr\\\/wp-content\\\/uploads\\\/2015\\\/03\\\/fine-de_claire1.jpg\"},{\"@type\":\"BreadcrumbList\",\"@id\":\"https:\\\/\\\/www.bechemilh-lauby.fr\\\/en\\\/les-classiques\\\/#breadcrumb\",\"itemListElement\":[{\"@type\":\"ListItem\",\"position\":1,\"name\":\"Accueil\",\"item\":\"https:\\\/\\\/www.bechemilh-lauby.fr\\\/en\\\/\"},{\"@type\":\"ListItem\",\"position\":2,\"name\":\"Les Fines de Claires and Sp\u00e9ciales de Claires Marennes Ol\u00e9ron.\"}]},{\"@type\":\"WebSite\",\"@id\":\"https:\\\/\\\/www.bechemilh-lauby.fr\\\/en\\\/#website\",\"url\":\"https:\\\/\\\/www.bechemilh-lauby.fr\\\/en\\\/\",\"name\":\"Hu\u00eetres Bechemilh-Lauby\",\"description\":\"oyster aquaculturist in Marennes Ol\u00e9ron and Brittany\",\"potentialAction\":[{\"@type\":\"SearchAction\",\"target\":{\"@type\":\"EntryPoint\",\"urlTemplate\":\"https:\\\/\\\/www.bechemilh-lauby.fr\\\/en\\\/?s={search_term_string}\"},\"query-input\":{\"@type\":\"PropertyValueSpecification\",\"valueRequired\":true,\"valueName\":\"search_term_string\"}}],\"inLanguage\":\"en-US\"}]}<\/script>\n<!-- \/ Yoast SEO plugin. -->","yoast_head_json":{"title":"Les Fines de Claires and Sp\u00e9ciales de Claires Marennes Ol\u00e9ron. - Hu\u00eetres Bechemilh-Lauby","robots":{"index":"index","follow":"follow","max-snippet":"max-snippet:-1","max-image-preview":"max-image-preview:large","max-video-preview":"max-video-preview:-1"},"canonical":"https:\/\/www.bechemilh-lauby.fr\/en\/les-classiques\/","og_locale":"en_US","og_type":"article","og_title":"Les Fines de Claires and Sp\u00e9ciales de Claires Marennes Ol\u00e9ron. - Hu\u00eetres Bechemilh-Lauby","og_description":"Bechemilh-Lauby IGP (Protected Geographical Indication) oysters meet all the conditions required for Marennes Ol\u00e9ron accredited branding, and deliver all the characteristic qualities of premium quality produce. La Fine de Claire This variety is perfect for those who prefer a less ...More...","og_url":"https:\/\/www.bechemilh-lauby.fr\/en\/les-classiques\/","og_site_name":"Hu\u00eetres Bechemilh-Lauby","article_modified_time":"2015-04-01T15:02:05+00:00","og_image":[{"url":"https:\/\/www.bechemilh-lauby.fr\/wp-content\/uploads\/2015\/03\/fine-de_claire1.jpg","type":"","width":"","height":""}],"twitter_card":"summary_large_image","twitter_misc":{"Est. reading time":"1 minute"},"schema":{"@context":"https:\/\/schema.org","@graph":[{"@type":"WebPage","@id":"https:\/\/www.bechemilh-lauby.fr\/en\/les-classiques\/","url":"https:\/\/www.bechemilh-lauby.fr\/en\/les-classiques\/","name":"Les Fines de Claires and Sp\u00e9ciales de Claires Marennes Ol\u00e9ron. - Hu\u00eetres Bechemilh-Lauby","isPartOf":{"@id":"https:\/\/www.bechemilh-lauby.fr\/en\/#website"},"primaryImageOfPage":{"@id":"https:\/\/www.bechemilh-lauby.fr\/en\/les-classiques\/#primaryimage"},"image":{"@id":"https:\/\/www.bechemilh-lauby.fr\/en\/les-classiques\/#primaryimage"},"thumbnailUrl":"https:\/\/www.bechemilh-lauby.fr\/wp-content\/uploads\/2015\/03\/fine-de_claire1.jpg","datePublished":"2015-03-09T14:53:41+00:00","dateModified":"2015-04-01T15:02:05+00:00","breadcrumb":{"@id":"https:\/\/www.bechemilh-lauby.fr\/en\/les-classiques\/#breadcrumb"},"inLanguage":"en-US","potentialAction":[{"@type":"ReadAction","target":["https:\/\/www.bechemilh-lauby.fr\/en\/les-classiques\/"]}]},{"@type":"ImageObject","inLanguage":"en-US","@id":"https:\/\/www.bechemilh-lauby.fr\/en\/les-classiques\/#primaryimage","url":"https:\/\/www.bechemilh-lauby.fr\/wp-content\/uploads\/2015\/03\/fine-de_claire1.jpg","contentUrl":"https:\/\/www.bechemilh-lauby.fr\/wp-content\/uploads\/2015\/03\/fine-de_claire1.jpg"},{"@type":"BreadcrumbList","@id":"https:\/\/www.bechemilh-lauby.fr\/en\/les-classiques\/#breadcrumb","itemListElement":[{"@type":"ListItem","position":1,"name":"Accueil","item":"https:\/\/www.bechemilh-lauby.fr\/en\/"},{"@type":"ListItem","position":2,"name":"Les Fines de Claires and Sp\u00e9ciales de Claires Marennes Ol\u00e9ron."}]},{"@type":"WebSite","@id":"https:\/\/www.bechemilh-lauby.fr\/en\/#website","url":"https:\/\/www.bechemilh-lauby.fr\/en\/","name":"Hu\u00eetres Bechemilh-Lauby","description":"oyster aquaculturist in Marennes Ol\u00e9ron and Brittany","potentialAction":[{"@type":"SearchAction","target":{"@type":"EntryPoint","urlTemplate":"https:\/\/www.bechemilh-lauby.fr\/en\/?s={search_term_string}"},"query-input":{"@type":"PropertyValueSpecification","valueRequired":true,"valueName":"search_term_string"}}],"inLanguage":"en-US"}]}},"_links":{"self":[{"href":"https:\/\/www.bechemilh-lauby.fr\/en\/wp-json\/wp\/v2\/pages\/342","targetHints":{"allow":["GET"]}}],"collection":[{"href":"https:\/\/www.bechemilh-lauby.fr\/en\/wp-json\/wp\/v2\/pages"}],"about":[{"href":"https:\/\/www.bechemilh-lauby.fr\/en\/wp-json\/wp\/v2\/types\/page"}],"author":[{"embeddable":true,"href":"https:\/\/www.bechemilh-lauby.fr\/en\/wp-json\/wp\/v2\/users\/4"}],"replies":[{"embeddable":true,"href":"https:\/\/www.bechemilh-lauby.fr\/en\/wp-json\/wp\/v2\/comments?post=342"}],"version-history":[{"count":2,"href":"https:\/\/www.bechemilh-lauby.fr\/en\/wp-json\/wp\/v2\/pages\/342\/revisions"}],"predecessor-version":[{"id":416,"href":"https:\/\/www.bechemilh-lauby.fr\/en\/wp-json\/wp\/v2\/pages\/342\/revisions\/416"}],"wp:attachment":[{"href":"https:\/\/www.bechemilh-lauby.fr\/en\/wp-json\/wp\/v2\/media?parent=342"}],"curies":[{"name":"wp","href":"https:\/\/api.w.org\/{rel}","templated":true}]}}